{"id":211,"date":"2026-04-06T12:12:11","date_gmt":"2026-04-06T10:12:11","guid":{"rendered":"https:\/\/owkeeholds.com\/?page_id=211"},"modified":"2026-04-06T12:12:12","modified_gmt":"2026-04-06T10:12:12","slug":"tech-2","status":"publish","type":"page","link":"https:\/\/owkeeholds.com\/index.php\/tech-2\/","title":{"rendered":"Tech"},"content":{"rendered":"<div class=\"bm-builder clearfix \"><div id=\"\" class=\"module col-12 module-id-1775469369540 bm-wrap row-top row-center bm-force-full bm-wrap-height-auto\" data-module-col=\"12\" data-change-color=\"off\" data-backcolor=\"transparent\" data-frontcolor=\"\" data-logocolor=\"\" data-goto-top=\"off\" data-goto-top-spacing=\"0\" data-goto-disable-m=\"off\" data-groupsameheight=\"off\"><div class=\"module-inside group-inside\" style=\"--cornerRadius:0px 0px 0px 0px ; --top-mod: 0px;--bottom-mod: 0px;--top-mod-t: 0px;--bottom-mod-t: 0px;--top-mod-m:0px;--bottom-mod-m:0px;\" ><\/div><\/div><div id=\"\" class=\"module col-12 module-id-1775727744720\" data-module-col=\"12\"><div class=\"module-inside text-inside\" style=\"--top-mod: 0px;--bottom-mod: 0px;--top-mod-t: 0px;--bottom-mod-t: 0px;--top-mod-m:0px;--bottom-mod-m:0px;\" ><div class=\"text_block_out\"  data-effect=\"standard\" style=\"\"><div class=\"text_block ux-mod-nobg\"><div class=\"text_block_inn\"><div id=\"text-1775727744720\" class=\"text_block_centered text_block_centered_enable_width\"  style=\"\"><p>Info techniczne<\/p>\n<p>Wszystkie chwyty w rozmiarach MACRO, XXL, XL i L<\/p>\n<p>Wykonane s\u0105 w technologi laminowania z \u017cywicy i w\u0142\u00f3kna szklanego .<\/p>\n<p>Chwyty i stopnie w rozmiarach S i XS wykonane technika odlewnicz\u0105&nbsp;<\/p>\n<p>z \u017cywic poliuretanowych.<\/p><\/div><\/div><\/div><\/div><\/div><\/div><\/div>","protected":false},"excerpt":{"rendered":"<p>Info techniczne Wszystkie chwyty w rozmiarach MACRO, XXL, XL i &hellip;<\/p>\n","protected":false},"author":1,"featured_media":0,"parent":0,"menu_order":0,"comment_status":"closed","ping_status":"closed","template":"","meta":{"footnotes":""},"class_list":["post-211","page","type-page","status-publish","hentry"],"_links":{"self":[{"href":"https:\/\/owkeeholds.com\/index.php\/wp-json\/wp\/v2\/pages\/211","targetHints":{"allow":["GET"]}}],"collection":[{"href":"https:\/\/owkeeholds.com\/index.php\/wp-json\/wp\/v2\/pages"}],"about":[{"href":"https:\/\/owkeeholds.com\/index.php\/wp-json\/wp\/v2\/types\/page"}],"author":[{"embeddable":true,"href":"https:\/\/owkeeholds.com\/index.php\/wp-json\/wp\/v2\/users\/1"}],"replies":[{"embeddable":true,"href":"https:\/\/owkeeholds.com\/index.php\/wp-json\/wp\/v2\/comments?post=211"}],"version-history":[{"count":1,"href":"https:\/\/owkeeholds.com\/index.php\/wp-json\/wp\/v2\/pages\/211\/revisions"}],"predecessor-version":[{"id":212,"href":"https:\/\/owkeeholds.com\/index.php\/wp-json\/wp\/v2\/pages\/211\/revisions\/212"}],"wp:attachment":[{"href":"https:\/\/owkeeholds.com\/index.php\/wp-json\/wp\/v2\/media?parent=211"}],"curies":[{"name":"wp","href":"https:\/\/api.w.org\/{rel}","templated":true}]}}